{"id":1892,"date":"2019-11-08T08:22:23","date_gmt":"2019-11-08T08:22:23","guid":{"rendered":"http:\/\/politistiko-ergastiri.org\/?page_id=1892"},"modified":"2020-08-14T21:59:35","modified_gmt":"2020-08-14T19:59:35","slug":"test-2","status":"publish","type":"page","link":"https:\/\/politistiko-ergastiri.org\/index.php\/test-2\/","title":{"rendered":"test"},"content":{"rendered":"<p>[vc_row][vc_column]<div class=\"sc_layouts sc_layouts_default sc_layouts_2477\">[vc_row][vc_column icons_position=\"left\"]<div id=\"sc_title_537539456\"\n\t\tclass=\"sc_title color_style_default sc_title_default\"><h3 class=\"sc_item_title sc_title_title sc_align_center sc_item_title_style_default\">\u0386\u03c1\u03b8\u03c1\u03b1<\/h3><\/div><!-- \/.sc_title -->[vc_basic_grid post_type=\"post\" max_items=\"3\" style=\"lazy\" items_per_page=\"3\" show_filter=\"yes\" gap=\"10\" item=\"basicGrid_ScaleInWithRotation\" grid_id=\"vc_gid:1600963375599-7a584e36-ee66-5\" taxonomies=\"104, 58, 71, 75, 62, 245, 247\" filter_source=\"category\" css=\".vc_custom_1600963402663{margin-top: 10px !important;margin-right: 10px !important;margin-bottom: 10px !important;margin-left: 10px !important;border-top-width: 10px !important;border-right-width: 10px !important;border-bottom-width: 10px !important;border-left-width: 10px !important;padding-top: 10px !important;padding-right: 10px !important;padding-bottom: 10px !important;padding-left: 10px !important;}\"][\/vc_column][\/vc_row]<\/div>[\/vc_column][\/vc_row][vc_row][vc_column]<div class=\"sc_layouts sc_layouts_default sc_layouts_2507\">[vc_row][vc_column width=\"1\/2\" icons_position=\"left\"]<div id=\"widget_recent_posts_448671543\" class=\"widget_area sc_widget_recent_posts vc_widget_recent_posts wpb_content_element\"><aside id=\"widget_recent_posts_448671543_widget\" class=\"widget widget_recent_posts\"><article class=\"post_item with_thumb\"><div class=\"post_content\"><div class=\"post_categories\"><a href=\"https:\/\/politistiko-ergastiri.org\/index.php\/https:\/politistiko-ergastiri.org\/european-educational-programs\/\" title=\"View all posts in European Educational Programs\">European Educational Programs<\/a>, <a href=\"https:\/\/politistiko-ergastiri.org\/index.php\/https:\/politistiko-ergastiri.org\/uncategorized-el\/\" title=\"View all posts in Uncategorized\">Uncategorized<\/a>, <a href=\"https:\/\/politistiko-ergastiri.org\/index.php\/https:\/politistiko-ergastiri.org\/unesco-ich\/\" title=\"View all posts in UNESCO ICH\">UNESCO ICH<\/a>, <a href=\"https:\/\/politistiko-ergastiri.org\/index.php\/https:\/politistiko-ergastiri.org\/news\/\" title=\"View all posts in \u039d\u03ad\u03b1-\u0386\u03c1\u03b8\u03c1\u03b1\">\u039d\u03ad\u03b1-\u0386\u03c1\u03b8\u03c1\u03b1<\/a><\/div><h6 class=\"post_title\"><a href=\"https:\/\/politistiko-ergastiri.org\/index.php\/20th-session-for-the-safeguarding-of-intangible-cultural-heritage-presence-of-the-cultural-workshop-2\/\">\u201c20th Session for the Safeguarding of Intangible Cultural Heritage \u2013 Presence of the Cultural Workshop\u201d<\/a><\/h6><div class=\"post_info\"><span class=\"post_info_item post_info_posted\"><a href=\"https:\/\/politistiko-ergastiri.org\/index.php\/20th-session-for-the-safeguarding-of-intangible-cultural-heritage-presence-of-the-cultural-workshop-2\/\" class=\"post_info_date\">December 5, 2025<\/a><\/span><\/div><\/div><\/article><article class=\"post_item with_thumb\"><div class=\"post_content\"><div class=\"post_categories\"><a href=\"https:\/\/politistiko-ergastiri.org\/index.php\/en\/https:\/politistiko-ergastiri.org\/uncategorized\/\" title=\"View all posts in Uncategorized\">Uncategorized<\/a><\/div><h6 class=\"post_title\"><a href=\"https:\/\/politistiko-ergastiri.org\/index.php\/en\/20th-session-for-the-safeguarding-of-intangible-cultural-heritage-presence-of-the-cultural-workshop\/\">\u201c20th Session for the Safeguarding of Intangible Cultural Heritage \u2013 Presence of the Cultural Workshop\u201d<\/a><\/h6><div class=\"post_info\"><span class=\"post_info_item post_info_posted\"><a href=\"https:\/\/politistiko-ergastiri.org\/index.php\/en\/20th-session-for-the-safeguarding-of-intangible-cultural-heritage-presence-of-the-cultural-workshop\/\" class=\"post_info_date\">December 1, 2025<\/a><\/span><\/div><\/div><\/article><article class=\"post_item with_thumb\"><div class=\"post_content\"><div class=\"post_categories\"><a href=\"https:\/\/politistiko-ergastiri.org\/index.php\/https:\/politistiko-ergastiri.org\/uncategorized-el\/\" title=\"View all posts in Uncategorized\">Uncategorized<\/a><\/div><h6 class=\"post_title\"><a href=\"https:\/\/politistiko-ergastiri.org\/index.php\/enarximathimaton2025\/\">\u0388\u03bd\u03b1\u03c1\u03be\u03b7 \u039c\u03b1\u03b8\u03b7\u03bc\u03ac\u03c4\u03c9\u03bd \u03a7\u03bf\u03c1\u03bf\u03cd \u03ba\u03b1\u03b9 \u03a7\u03bf\u03c1\u03c9\u03b4\u03af\u03b1\u03c2 2025<\/a><\/h6><div class=\"post_info\"><span class=\"post_info_item post_info_posted\"><a href=\"https:\/\/politistiko-ergastiri.org\/index.php\/enarximathimaton2025\/\" class=\"post_info_date\">August 6, 2025<\/a><\/span><\/div><\/div><\/article><article class=\"post_item with_thumb\"><div class=\"post_thumb\"><a href=\"https:\/\/politistiko-ergastiri.org\/index.php\/volu-m-e-enhanced-maguri-racatau-28-4-03-05-2025\/\"><img width=\"90\" height=\"90\" src=\"https:\/\/politistiko-ergastiri.org\/wp-content\/uploads\/2025\/05\/VOLUME-90x90.jpg\" class=\"attachment-shaha-thumb-tiny size-shaha-thumb-tiny wp-post-image\" alt=\"Volu.M.E Enhanced, M\u0103guri-R\u0103c\u0103t\u0103u 28\/4-03\/05\/2025\" loading=\"lazy\" srcset=\"https:\/\/politistiko-ergastiri.org\/wp-content\/uploads\/2025\/05\/VOLUME-90x90.jpg 90w, https:\/\/politistiko-ergastiri.org\/wp-content\/uploads\/2025\/05\/VOLUME-300x300.jpg 300w, https:\/\/politistiko-ergastiri.org\/wp-content\/uploads\/2025\/05\/VOLUME-1024x1024.jpg 1024w, https:\/\/politistiko-ergastiri.org\/wp-content\/uploads\/2025\/05\/VOLUME-150x150.jpg 150w, https:\/\/politistiko-ergastiri.org\/wp-content\/uploads\/2025\/05\/VOLUME-768x768.jpg 768w, https:\/\/politistiko-ergastiri.org\/wp-content\/uploads\/2025\/05\/VOLUME-370x370.jpg 370w, https:\/\/politistiko-ergastiri.org\/wp-content\/uploads\/2025\/05\/VOLUME-760x760.jpg 760w, https:\/\/politistiko-ergastiri.org\/wp-content\/uploads\/2025\/05\/VOLUME.jpg 1153w\" sizes=\"(max-width: 90px) 100vw, 90px\" \/><\/a><\/div><div class=\"post_content\"><div class=\"post_categories\"><a href=\"https:\/\/politistiko-ergastiri.org\/index.php\/https:\/politistiko-ergastiri.org\/uncategorized-el\/\" title=\"View all posts in Uncategorized\">Uncategorized<\/a><\/div><h6 class=\"post_title\"><a href=\"https:\/\/politistiko-ergastiri.org\/index.php\/volu-m-e-enhanced-maguri-racatau-28-4-03-05-2025\/\">Volu.M.E Enhanced, M\u0103guri-R\u0103c\u0103t\u0103u 28\/4-03\/05\/2025<\/a><\/h6><div class=\"post_info\"><span class=\"post_info_item post_info_posted\"><a href=\"https:\/\/politistiko-ergastiri.org\/index.php\/volu-m-e-enhanced-maguri-racatau-28-4-03-05-2025\/\" class=\"post_info_date\">May 16, 2025<\/a><\/span><\/div><\/div><\/article><\/aside><\/div><a href=\"http:\/\/politistiko-ergastiri.org\/index.php\/nea\/\" id=\"sc_button_2058099792\" class=\"sc_button color_style_default sc_button_default sc_button_size_normal sc_button_icon_left\"><span class=\"sc_button_text\"><span class=\"sc_button_title\">\u03a0\u03b5\u03c1\u03b9\u03c3\u03c3\u03cc\u03c4\u03b5\u03c1\u03b1<\/span><\/span><!-- \/.sc_button_text --><\/a><!-- \/.sc_button -->[\/vc_column][vc_column width=\"1\/2\" icons_position=\"left\"][\/vc_column][\/vc_row]<\/div>[\/vc_column][\/vc_row]<\/p>\n","protected":false},"excerpt":{"rendered":"<p>[vc_row][vc_column][\/vc_column][\/vc_row][vc_row][vc_column][\/vc_column][\/vc_row]<\/p>\n","protected":false},"author":1,"featured_media":0,"parent":0,"menu_order":0,"comment_status":"closed","ping_status":"closed","template":"","meta":[],"_links":{"self":[{"href":"https:\/\/politistiko-ergastiri.org\/index.php\/wp-json\/wp\/v2\/pages\/1892"}],"collection":[{"href":"https:\/\/politistiko-ergastiri.org\/index.php\/wp-json\/wp\/v2\/pages"}],"about":[{"href":"https:\/\/politistiko-ergastiri.org\/index.php\/wp-json\/wp\/v2\/types\/page"}],"author":[{"embeddable":true,"href":"https:\/\/politistiko-ergastiri.org\/index.php\/wp-json\/wp\/v2\/users\/1"}],"replies":[{"embeddable":true,"href":"https:\/\/politistiko-ergastiri.org\/index.php\/wp-json\/wp\/v2\/comments?post=1892"}],"version-history":[{"count":7,"href":"https:\/\/politistiko-ergastiri.org\/index.php\/wp-json\/wp\/v2\/pages\/1892\/revisions"}],"predecessor-version":[{"id":2510,"href":"https:\/\/politistiko-ergastiri.org\/index.php\/wp-json\/wp\/v2\/pages\/1892\/revisions\/2510"}],"wp:attachment":[{"href":"https:\/\/politistiko-ergastiri.org\/index.php\/wp-json\/wp\/v2\/media?parent=1892"}],"curies":[{"name":"wp","href":"https:\/\/api.w.org\/{rel}","templated":true}]}}